{"id":346,"date":"2021-05-03T06:05:59","date_gmt":"2021-05-03T06:05:59","guid":{"rendered":"http:\/\/mylanguage-yourlanguage.com\/?page_id=346"},"modified":"2021-06-28T08:14:31","modified_gmt":"2021-06-28T08:14:31","slug":"erasmus-projekte","status":"publish","type":"page","link":"https:\/\/mylanguage-yourlanguage.com\/en\/erasmus-projekte\/","title":{"rendered":"Erasmus program"},"content":{"rendered":"<p class=\"has-text-align-left\">The Erasmus+ program supports strategic partnerships in the field of adult education in Germany. Within the framework of these cooperations, institutions from at least three European countries work together on different adult education topics. The aim is the exchange and understanding of good practice and its examples.<\/p>\n\n\n\n<p>You can find more information on the Erasmus+ homepage <\/p>\n\n\n\n<p><a href=\"https:\/\/www.na-bibb.de\/erasmus-erwachsenenbildung\">https:\/\/www.na-bibb.de\/erasmus-erwachsenenbildung<\/a><\/p>","protected":false},"excerpt":{"rendered":"<p>Das Programm Erasmus+ f\u00f6rdert strategische Partnerschaften\u00a0 im Bereich Erwachsenenbildung in Deutschland. Im Rahmen dieser Kooperationen arbeiten Einrichtungen aus mindestens drei europ\u00e4ischen L\u00e4ndern gemeinsam an unterschiedlichen Erwachsenenbildungsthemen. Das Ziel ist der Austausch und Verst\u00e4ndigung gute Praxis und deren Beispiele. Weitere Information finden Sie auf der Homepage von Erasmus+ https:\/\/www.na-bibb.de\/erasmus-erwachsenenbildung<\/p>","protected":false},"author":1,"featured_media":0,"parent":0,"menu_order":0,"comment_status":"closed","ping_status":"closed","template":"","meta":{"neve_meta_sidebar":"full-width","neve_meta_container":"","neve_meta_enable_content_width":"on","neve_meta_content_width":100,"neve_meta_title_alignment":"","neve_meta_author_avatar":"","neve_post_elements_order":"","neve_meta_disable_header":"","neve_meta_disable_footer":"","neve_meta_disable_title":""},"_links":{"self":[{"href":"https:\/\/mylanguage-yourlanguage.com\/en\/wp-json\/wp\/v2\/pages\/346"}],"collection":[{"href":"https:\/\/mylanguage-yourlanguage.com\/en\/wp-json\/wp\/v2\/pages"}],"about":[{"href":"https:\/\/mylanguage-yourlanguage.com\/en\/wp-json\/wp\/v2\/types\/page"}],"author":[{"embeddable":true,"href":"https:\/\/mylanguage-yourlanguage.com\/en\/wp-json\/wp\/v2\/users\/1"}],"replies":[{"embeddable":true,"href":"https:\/\/mylanguage-yourlanguage.com\/en\/wp-json\/wp\/v2\/comments?post=346"}],"version-history":[{"count":4,"href":"https:\/\/mylanguage-yourlanguage.com\/en\/wp-json\/wp\/v2\/pages\/346\/revisions"}],"predecessor-version":[{"id":568,"href":"https:\/\/mylanguage-yourlanguage.com\/en\/wp-json\/wp\/v2\/pages\/346\/revisions\/568"}],"wp:attachment":[{"href":"https:\/\/mylanguage-yourlanguage.com\/en\/wp-json\/wp\/v2\/media?parent=346"}],"curies":[{"name":"wp","href":"https:\/\/api.w.org\/{rel}","templated":true}]}}