{"id":18,"date":"2021-03-31T13:07:58","date_gmt":"2021-03-31T13:07:58","guid":{"rendered":"http:\/\/mylanguage-yourlanguage.com\/?page_id=18"},"modified":"2021-06-29T09:20:42","modified_gmt":"2021-06-29T09:20:42","slug":"home","status":"publish","type":"page","link":"https:\/\/mylanguage-yourlanguage.com\/en\/","title":{"rendered":"Home"},"content":{"rendered":"<div class=\"wp-block-columns\">\n<div class=\"wp-block-column is-vertically-aligned-top\" style=\"flex-basis:100%\">\n<div class=\"wp-block-cover alignfull has-background-dim\" style=\"min-height:865px\"><img loading=\"lazy\" width=\"1600\" height=\"1200\" class=\"wp-block-cover__image-background wp-image-164\" alt=\"\" src=\"http:\/\/mylanguage-yourlanguage.com\/wp-content\/uploads\/2021\/04\/MG_4044.jpg\" data-object-fit=\"cover\" srcset=\"https:\/\/mylanguage-yourlanguage.com\/wp-content\/uploads\/2021\/04\/MG_4044.jpg 1600w, https:\/\/mylanguage-yourlanguage.com\/wp-content\/uploads\/2021\/04\/MG_4044-300x225.jpg 300w, https:\/\/mylanguage-yourlanguage.com\/wp-content\/uploads\/2021\/04\/MG_4044-1024x768.jpg 1024w, https:\/\/mylanguage-yourlanguage.com\/wp-content\/uploads\/2021\/04\/MG_4044-768x576.jpg 768w, https:\/\/mylanguage-yourlanguage.com\/wp-content\/uploads\/2021\/04\/MG_4044-1536x1152.jpg 1536w\" sizes=\"(max-width: 1600px) 100vw, 1600px\" \/><div class=\"wp-block-cover__inner-container\">\n<h1 class=\"has-text-align-center\" style=\"font-size:73px\"><span class=\"has-inline-color has-nv-site-bg-color\">my language \u2013 your language<\/span><\/h1>\n\n\n\n<h2 class=\"has-text-align-center\"><strong><span class=\"has-inline-color has-nv-site-bg-color\">success factors for good civic participation<\/span><\/strong><span class=\"has-inline-color has-nv-site-bg-color\"> <\/span><\/h2>\n\n\n\n<p><\/p>\n<\/div><\/div>\n<\/div>\n<\/div>\n\n\n\n<figure class=\"wp-block-pullquote\" id=\"block-3fbd1c54-2362-4fcd-9b40-1488d4980cfb\"><blockquote><p><strong>A project of CSH K\u00f6ln e. V. with international partners<br>within the framework of the Erasmus+<\/strong><\/p><\/blockquote><\/figure>\n\n\n\n<div class=\"wp-block-image\"><figure class=\"aligncenter size-large is-resized\"><img loading=\"lazy\" src=\"http:\/\/mylanguage-yourlanguage.com\/wp-content\/uploads\/2021\/03\/cropped-Meine-Sprache-\u2013-DeineSprache-Logo3.png\" alt=\"\" class=\"wp-image-14\" width=\"282\" height=\"71\" srcset=\"https:\/\/mylanguage-yourlanguage.com\/wp-content\/uploads\/2021\/03\/cropped-Meine-Sprache-\u2013-DeineSprache-Logo3.png 362w, https:\/\/mylanguage-yourlanguage.com\/wp-content\/uploads\/2021\/03\/cropped-Meine-Sprache-\u2013-DeineSprache-Logo3-300x75.png 300w\" sizes=\"(max-width: 282px) 100vw, 282px\" \/><\/figure><\/div>\n\n\n\n<div class=\"wp-block-cover alignfull has-nv-light-bg-background-color has-background-dim\" style=\"min-height:600px\" id=\"konzept2\"><div class=\"wp-block-cover__inner-container\">\n<div class=\"wp-block-group\"><div class=\"wp-block-group__inner-container\">\n<div style=\"height:80px\" aria-hidden=\"true\" class=\"wp-block-spacer\"><\/div>\n\n\n\n<div class=\"wp-block-columns are-vertically-aligned-center\">\n<div class=\"wp-block-column is-vertically-aligned-center\" style=\"flex-basis:50%\">\n<figure class=\"wp-block-image size-large is-style-default\"><img loading=\"lazy\" width=\"1024\" height=\"682\" src=\"http:\/\/mylanguage-yourlanguage.com\/wp-content\/uploads\/2021\/04\/IMG_6436-1024x682.jpg\" alt=\"\" class=\"wp-image-128\" srcset=\"https:\/\/mylanguage-yourlanguage.com\/wp-content\/uploads\/2021\/04\/IMG_6436-1024x682.jpg 1024w, https:\/\/mylanguage-yourlanguage.com\/wp-content\/uploads\/2021\/04\/IMG_6436-300x200.jpg 300w, https:\/\/mylanguage-yourlanguage.com\/wp-content\/uploads\/2021\/04\/IMG_6436-768x511.jpg 768w, https:\/\/mylanguage-yourlanguage.com\/wp-content\/uploads\/2021\/04\/IMG_6436-1536x1023.jpg 1536w, https:\/\/mylanguage-yourlanguage.com\/wp-content\/uploads\/2021\/04\/IMG_6436-2048x1364.jpg 2048w, https:\/\/mylanguage-yourlanguage.com\/wp-content\/uploads\/2021\/04\/IMG_6436-930x620.jpg 930w\" sizes=\"(max-width: 1024px) 100vw, 1024px\" \/><\/figure>\n<\/div>\n\n\n\n<div class=\"wp-block-column is-vertically-aligned-center\" style=\"flex-basis:50%\">\n<div style=\"height:20px\" aria-hidden=\"true\" class=\"wp-block-spacer\"><\/div>\n\n\n\n<h2 class=\"has-text-align-left has-neve-text-color-color has-text-color\">Project<\/h2>\n\n\n\n<p class=\"has-neve-link-color-color has-text-color\">The Erasmus+ project \"My language, your language - factors of success for good practice\" was applied for as a strategic partnership for the exchange of good practice by CSH K\u00f6ln e.V. and will run until 31.12.2021. The project deals with factors of success for good citizen participation. The aim of the project is to discuss best practices in the context of civic participation on an international level, to learn more about them and to develop competencies on how target group-oriented participation can succeed on the ground.<\/p>\n\n\n\n<div class=\"wp-block-buttons is-content-justification-left\">\n<div class=\"wp-block-button has-custom-width wp-block-button__width-50 is-style-default\" id=\"projekt\"><a class=\"wp-block-button__link has-text-color has-background no-border-radius\" href=\"http:\/\/mylanguage-yourlanguage.com\/en\/projekt\/\" style=\"background-color:#ffcc00;color:#003399\">read more<\/a><\/div>\n<\/div>\n<\/div>\n<\/div>\n\n\n\n<div style=\"height:40px\" aria-hidden=\"true\" class=\"wp-block-spacer\"><\/div>\n<\/div><\/div>\n<\/div><\/div>\n\n\n\n<div class=\"wp-block-cover alignfull has-nv-site-bg-background-color has-background-dim\" style=\"min-height:600px\" id=\"Projektpartner\"><div class=\"wp-block-cover__inner-container\">\n<div class=\"wp-block-group\"><div class=\"wp-block-group__inner-container\">\n<div style=\"height:80px\" aria-hidden=\"true\" class=\"wp-block-spacer\"><\/div>\n\n\n\n<div class=\"wp-block-columns are-vertically-aligned-center\">\n<div class=\"wp-block-column is-vertically-aligned-center\" style=\"flex-basis:50%\">\n<h2 class=\"has-text-align-left has-neve-text-color-color has-text-color\" id=\"Projektpartner:innen\">Project partners<\/h2>\n\n\n\n<p class=\"has-neve-link-color-color has-text-color\">The Erasmus+ program supports strategic partnerships in the field of adult education in Germany. Within the framework of these cooperations, institutions from at least three European countries work together on different adult education topics. <\/p>\n\n\n\n<div class=\"wp-block-buttons is-content-justification-left\">\n<div class=\"wp-block-button has-custom-width wp-block-button__width-50 is-style-default\"><a class=\"wp-block-button__link has-text-color has-background\" href=\"http:\/\/mylanguage-yourlanguage.com\/en\/projektpartner\/\" style=\"background-color:#ffcc00;color:#003399\">read more<\/a><\/div>\n<\/div>\n\n\n\n<div style=\"height:40px\" aria-hidden=\"true\" class=\"wp-block-spacer\"><\/div>\n<\/div>\n\n\n\n<div class=\"wp-block-column is-vertically-aligned-center\" style=\"flex-basis:50%\">\n<figure class=\"wp-block-image size-large is-resized is-style-default\"><img loading=\"lazy\" src=\"http:\/\/mylanguage-yourlanguage.com\/wp-content\/uploads\/2021\/04\/IMG_6285-1024x682.jpg\" alt=\"\" class=\"wp-image-159\" width=\"609\" height=\"405\" srcset=\"https:\/\/mylanguage-yourlanguage.com\/wp-content\/uploads\/2021\/04\/IMG_6285-1024x682.jpg 1024w, https:\/\/mylanguage-yourlanguage.com\/wp-content\/uploads\/2021\/04\/IMG_6285-300x200.jpg 300w, https:\/\/mylanguage-yourlanguage.com\/wp-content\/uploads\/2021\/04\/IMG_6285-768x511.jpg 768w, https:\/\/mylanguage-yourlanguage.com\/wp-content\/uploads\/2021\/04\/IMG_6285-1536x1023.jpg 1536w, https:\/\/mylanguage-yourlanguage.com\/wp-content\/uploads\/2021\/04\/IMG_6285-2048x1364.jpg 2048w, https:\/\/mylanguage-yourlanguage.com\/wp-content\/uploads\/2021\/04\/IMG_6285-930x620.jpg 930w\" sizes=\"(max-width: 609px) 100vw, 609px\" \/><\/figure>\n<\/div>\n<\/div>\n\n\n\n<div style=\"height:40px\" aria-hidden=\"true\" class=\"wp-block-spacer\"><\/div>\n<\/div><\/div>\n\n\n\n<p><\/p>\n<\/div><\/div>\n\n\n\n<div class=\"wp-block-cover alignfull has-nv-light-bg-background-color has-background-dim\" style=\"min-height:600px\" id=\"konzept2\"><div class=\"wp-block-cover__inner-container\">\n<div class=\"wp-block-group\"><div class=\"wp-block-group__inner-container\">\n<div style=\"height:80px\" aria-hidden=\"true\" class=\"wp-block-spacer\"><\/div>\n\n\n\n<div class=\"wp-block-columns are-vertically-aligned-center\">\n<div class=\"wp-block-column is-vertically-aligned-center\" style=\"flex-basis:50%\">\n<figure class=\"wp-block-image size-large is-style-default\"><img loading=\"lazy\" width=\"1024\" height=\"768\" src=\"http:\/\/mylanguage-yourlanguage.com\/wp-content\/uploads\/2021\/04\/IMG_9248-1024x768.jpg\" alt=\"\" class=\"wp-image-161\" srcset=\"\" sizes=\"(max-width: 1024px) 100vw, 1024px\" data-srcset=\"\" \/><\/figure>\n<\/div>\n\n\n\n<div class=\"wp-block-column is-vertically-aligned-center\" style=\"flex-basis:50%\">\n<div style=\"height:20px\" aria-hidden=\"true\" class=\"wp-block-spacer\"><\/div>\n\n\n\n<h2 class=\"has-text-align-left has-neve-text-color-color has-text-color\">Project results<\/h2>\n\n\n\n<p class=\"has-neve-link-color-color has-text-color\">In the framework of the project, all partners visit each other through transnational project meetings (on-site workshops). The invited organization plans and conducts a workshop on the topic of success factors for good citizen participation. The results and documentation of the workshops can be found here.<\/p>\n\n\n\n<div class=\"wp-block-buttons is-content-justification-left\">\n<div class=\"wp-block-button has-custom-width wp-block-button__width-50 is-style-default\" id=\"projekt\"><a class=\"wp-block-button__link has-text-color has-background no-border-radius\" href=\"http:\/\/mylanguage-yourlanguage.com\/en\/projektergebnisse\/\" style=\"background-color:#ffcc00;color:#003399\">read more<\/a><\/div>\n<\/div>\n<\/div>\n<\/div>\n\n\n\n<div style=\"height:40px\" aria-hidden=\"true\" class=\"wp-block-spacer\"><\/div>\n<\/div><\/div>\n<\/div><\/div>\n\n\n\n<div class=\"wp-block-columns\">\n<div class=\"wp-block-column\" style=\"flex-basis:100%\">\n<div class=\"wp-block-cover alignfull has-nv-site-bg-background-color has-background-dim\" style=\"min-height:566px\" id=\"Kontakt\"><div class=\"wp-block-cover__inner-container\">\n<div style=\"height:80px\" aria-hidden=\"true\" class=\"wp-block-spacer\"><\/div>\n\n\n\n<div class=\"wp-block-columns\">\n<div class=\"wp-block-column\">\n<figure class=\"wp-block-image size-large is-resized is-style-default\"><img loading=\"lazy\" src=\"http:\/\/mylanguage-yourlanguage.com\/wp-content\/uploads\/2021\/05\/Bildschirmfoto-2020-11-03-um-14.06.40-1069e1c0-2.png\" alt=\"\" class=\"wp-image-530\" width=\"152\" height=\"152\" srcset=\"https:\/\/mylanguage-yourlanguage.com\/wp-content\/uploads\/2021\/05\/Bildschirmfoto-2020-11-03-um-14.06.40-1069e1c0-2.png 500w, https:\/\/mylanguage-yourlanguage.com\/wp-content\/uploads\/2021\/05\/Bildschirmfoto-2020-11-03-um-14.06.40-1069e1c0-2-300x300.png 300w, https:\/\/mylanguage-yourlanguage.com\/wp-content\/uploads\/2021\/05\/Bildschirmfoto-2020-11-03-um-14.06.40-1069e1c0-2-150x150.png 150w\" sizes=\"(max-width: 152px) 100vw, 152px\" \/><\/figure>\n\n\n\n<p class=\"has-neve-text-color-color has-text-color\">  <strong>Nadja Oertel<\/strong><\/p>\n\n\n\n<figure class=\"wp-block-image size-large is-resized\"><img loading=\"lazy\" src=\"http:\/\/mylanguage-yourlanguage.com\/wp-content\/uploads\/2021\/05\/csh-logo.jpg\" alt=\"\" class=\"wp-image-364\" width=\"177\" height=\"62\"\/><\/figure>\n\n\n\n<div style=\"height:20px\" aria-hidden=\"true\" class=\"wp-block-spacer\"><\/div>\n<\/div>\n\n\n\n<div class=\"wp-block-column\">\n<figure class=\"wp-block-image size-large is-resized is-style-default\"><img loading=\"lazy\" src=\"http:\/\/mylanguage-yourlanguage.com\/wp-content\/uploads\/2021\/05\/17966981_10210580695648466_3286013747319982119_o-3.jpg\" alt=\"\" class=\"wp-image-535\" width=\"193\" height=\"152\" srcset=\"https:\/\/mylanguage-yourlanguage.com\/wp-content\/uploads\/2021\/05\/17966981_10210580695648466_3286013747319982119_o-3.jpg 960w, https:\/\/mylanguage-yourlanguage.com\/wp-content\/uploads\/2021\/05\/17966981_10210580695648466_3286013747319982119_o-3-300x236.jpg 300w, https:\/\/mylanguage-yourlanguage.com\/wp-content\/uploads\/2021\/05\/17966981_10210580695648466_3286013747319982119_o-3-768x604.jpg 768w\" sizes=\"(max-width: 193px) 100vw, 193px\" \/><\/figure>\n\n\n\n<p class=\"has-neve-text-color-color has-text-color\"><strong>Apolline Bonfils<\/strong><\/p>\n\n\n\n<figure class=\"wp-block-image size-large is-resized\"><img loading=\"lazy\" src=\"http:\/\/mylanguage-yourlanguage.com\/wp-content\/uploads\/2021\/05\/logo-alda-1.png\" alt=\"\" class=\"wp-image-386\" width=\"164\" height=\"115\" srcset=\"https:\/\/mylanguage-yourlanguage.com\/wp-content\/uploads\/2021\/05\/logo-alda-1.png 414w, https:\/\/mylanguage-yourlanguage.com\/wp-content\/uploads\/2021\/05\/logo-alda-1-300x212.png 300w\" sizes=\"(max-width: 164px) 100vw, 164px\" \/><\/figure>\n\n\n\n<div style=\"height:20px\" aria-hidden=\"true\" class=\"wp-block-spacer\"><\/div>\n<\/div>\n\n\n\n<div class=\"wp-block-column\">\n<figure class=\"wp-block-image size-large is-resized is-style-default\"><img loading=\"lazy\" src=\"http:\/\/mylanguage-yourlanguage.com\/wp-content\/uploads\/2021\/05\/1-2.jpg\" alt=\"\" class=\"wp-image-498\" width=\"131\" height=\"150\" srcset=\"https:\/\/mylanguage-yourlanguage.com\/wp-content\/uploads\/2021\/05\/1-2.jpg 272w, https:\/\/mylanguage-yourlanguage.com\/wp-content\/uploads\/2021\/05\/1-2-260x300.jpg 260w\" sizes=\"(max-width: 131px) 100vw, 131px\" \/><\/figure>\n\n\n\n<p class=\"has-neve-text-color-color has-text-color\"><strong>Petra Hauser<\/strong><\/p>\n\n\n\n<figure class=\"wp-block-image size-large is-resized\"><img loading=\"lazy\" src=\"http:\/\/mylanguage-yourlanguage.com\/wp-content\/uploads\/2021\/05\/Vereinslogo-Patent-2-1024x418.jpg\" alt=\"\" class=\"wp-image-490\" width=\"206\" height=\"83\" srcset=\"https:\/\/mylanguage-yourlanguage.com\/wp-content\/uploads\/2021\/05\/Vereinslogo-Patent-2-1024x418.jpg 1024w, https:\/\/mylanguage-yourlanguage.com\/wp-content\/uploads\/2021\/05\/Vereinslogo-Patent-2-300x123.jpg 300w, https:\/\/mylanguage-yourlanguage.com\/wp-content\/uploads\/2021\/05\/Vereinslogo-Patent-2-768x314.jpg 768w, https:\/\/mylanguage-yourlanguage.com\/wp-content\/uploads\/2021\/05\/Vereinslogo-Patent-2.jpg 1292w\" sizes=\"(max-width: 206px) 100vw, 206px\" \/><\/figure>\n<\/div>\n\n\n\n<div class=\"wp-block-column\">\n<figure class=\"wp-block-image size-large is-resized is-style-default\"><img loading=\"lazy\" src=\"http:\/\/mylanguage-yourlanguage.com\/wp-content\/uploads\/2021\/05\/Unbenannt.jpg\" alt=\"\" class=\"wp-image-531\" width=\"127\" height=\"154\" srcset=\"https:\/\/mylanguage-yourlanguage.com\/wp-content\/uploads\/2021\/05\/Unbenannt.jpg 605w, https:\/\/mylanguage-yourlanguage.com\/wp-content\/uploads\/2021\/05\/Unbenannt-248x300.jpg 248w\" sizes=\"(max-width: 127px) 100vw, 127px\" \/><\/figure>\n\n\n\n<p class=\"has-nv-dark-bg-color has-text-color\"><strong>Jes\u00fas N\u00fa\u00f1ez Guti\u00e9rrez<\/strong><\/p>\n\n\n\n<figure class=\"wp-block-image size-large is-resized is-style-rounded\"><img loading=\"lazy\" src=\"http:\/\/mylanguage-yourlanguage.com\/wp-content\/uploads\/2021\/05\/Logo-aect-cor-1-1024x688.jpg\" alt=\"\" class=\"wp-image-537\" width=\"176\" height=\"117\" srcset=\"https:\/\/mylanguage-yourlanguage.com\/wp-content\/uploads\/2021\/05\/Logo-aect-cor-1-1024x688.jpg 1024w, https:\/\/mylanguage-yourlanguage.com\/wp-content\/uploads\/2021\/05\/Logo-aect-cor-1-300x201.jpg 300w, https:\/\/mylanguage-yourlanguage.com\/wp-content\/uploads\/2021\/05\/Logo-aect-cor-1-768x516.jpg 768w, https:\/\/mylanguage-yourlanguage.com\/wp-content\/uploads\/2021\/05\/Logo-aect-cor-1-930x620.jpg 930w, https:\/\/mylanguage-yourlanguage.com\/wp-content\/uploads\/2021\/05\/Logo-aect-cor-1.jpg 1294w\" sizes=\"(max-width: 176px) 100vw, 176px\" \/><\/figure>\n<\/div>\n<\/div>\n\n\n\n<div class=\"wp-block-buttons is-content-justification-center\">\n<div class=\"wp-block-button has-custom-width wp-block-button__width-50\"><a class=\"wp-block-button__link has-text-color has-background\" href=\"http:\/\/mylanguage-yourlanguage.com\/en\/kontakt\/\" style=\"background-color:#ffcc00;color:#003399\">contact<\/a><\/div>\n<\/div>\n\n\n\n<div class=\"wp-block-columns\">\n<div class=\"wp-block-column\" style=\"flex-basis:100%\"><\/div>\n<\/div>\n\n\n\n<p><\/p>\n<\/div><\/div>\n<\/div>\n<\/div>\n\n\n\n<div class=\"wp-block-image\"><figure class=\"alignright size-large is-resized\"><a href=\"https:\/\/www.facebook.com\/My-language-Your-language-Success-factors-of-good-citizen-participation-105365375094958\" target=\"_blank\" rel=\"noopener\"><img loading=\"lazy\" src=\"http:\/\/mylanguage-yourlanguage.com\/wp-content\/uploads\/2021\/06\/facebook-icon.jpg\" alt=\"\" class=\"wp-image-601\" width=\"94\" height=\"94\" srcset=\"https:\/\/mylanguage-yourlanguage.com\/wp-content\/uploads\/2021\/06\/facebook-icon.jpg 375w, https:\/\/mylanguage-yourlanguage.com\/wp-content\/uploads\/2021\/06\/facebook-icon-300x300.jpg 300w, https:\/\/mylanguage-yourlanguage.com\/wp-content\/uploads\/2021\/06\/facebook-icon-150x150.jpg 150w\" sizes=\"(max-width: 94px) 100vw, 94px\" \/><\/a><\/figure><\/div>\n\n\n\n<div class=\"wp-block-image\"><figure class=\"alignright is-resized\"><a href=\"https:\/\/sozialraumkoordination.koeln\/home.html\" target=\"_blank\" rel=\"noopener\"><img loading=\"lazy\" src=\"http:\/\/mylanguage-yourlanguage.com\/wp-content\/uploads\/2021\/06\/Logo-Sozialraumk-1.jpg\" alt=\"\" class=\"wp-image-592\" width=\"236\" height=\"118\" srcset=\"https:\/\/mylanguage-yourlanguage.com\/wp-content\/uploads\/2021\/06\/Logo-Sozialraumk-1.jpg 471w, https:\/\/mylanguage-yourlanguage.com\/wp-content\/uploads\/2021\/06\/Logo-Sozialraumk-1-300x150.jpg 300w\" sizes=\"(max-width: 236px) 100vw, 236px\" \/><\/a><\/figure><\/div>\n\n\n\n<div class=\"wp-block-image\"><figure class=\"alignright size-large\"><a href=\"https:\/\/www.csh-koeln.de\/\" target=\"_blank\" rel=\"noopener\"><img loading=\"lazy\" width=\"300\" height=\"107\" src=\"http:\/\/mylanguage-yourlanguage.com\/wp-content\/uploads\/2021\/05\/csh-logo.jpg\" alt=\"\" class=\"wp-image-364\"\/><\/a><\/figure><\/div>\n\n\n\n<p><\/p>","protected":false},"excerpt":{"rendered":"<p>Ein Projekt der CSH K\u00f6ln e. V. mit internationalen Partnernim Rahmen von ERASMUS+<\/p>","protected":false},"author":1,"featured_media":51,"parent":0,"menu_order":0,"comment_status":"closed","ping_status":"closed","template":"","meta":{"neve_meta_sidebar":"default","neve_meta_container":"default","neve_meta_enable_content_width":"on","neve_meta_content_width":100,"neve_meta_title_alignment":"","neve_meta_author_avatar":"","neve_post_elements_order":"","neve_meta_disable_header":"","neve_meta_disable_footer":"","neve_meta_disable_title":"on"},"_links":{"self":[{"href":"https:\/\/mylanguage-yourlanguage.com\/en\/wp-json\/wp\/v2\/pages\/18"}],"collection":[{"href":"https:\/\/mylanguage-yourlanguage.com\/en\/wp-json\/wp\/v2\/pages"}],"about":[{"href":"https:\/\/mylanguage-yourlanguage.com\/en\/wp-json\/wp\/v2\/types\/page"}],"author":[{"embeddable":true,"href":"https:\/\/mylanguage-yourlanguage.com\/en\/wp-json\/wp\/v2\/users\/1"}],"replies":[{"embeddable":true,"href":"https:\/\/mylanguage-yourlanguage.com\/en\/wp-json\/wp\/v2\/comments?post=18"}],"version-history":[{"count":141,"href":"https:\/\/mylanguage-yourlanguage.com\/en\/wp-json\/wp\/v2\/pages\/18\/revisions"}],"predecessor-version":[{"id":602,"href":"https:\/\/mylanguage-yourlanguage.com\/en\/wp-json\/wp\/v2\/pages\/18\/revisions\/602"}],"wp:featuredmedia":[{"embeddable":true,"href":"https:\/\/mylanguage-yourlanguage.com\/en\/wp-json\/wp\/v2\/media\/51"}],"wp:attachment":[{"href":"https:\/\/mylanguage-yourlanguage.com\/en\/wp-json\/wp\/v2\/media?parent=18"}],"curies":[{"name":"wp","href":"https:\/\/api.w.org\/{rel}","templated":true}]}}