{"id":393,"date":"2021-05-03T07:29:55","date_gmt":"2021-05-03T07:29:55","guid":{"rendered":"http:\/\/mylanguage-yourlanguage.com\/?page_id=393"},"modified":"2021-06-28T08:19:20","modified_gmt":"2021-06-28T08:19:20","slug":"impressum","status":"publish","type":"page","link":"http:\/\/mylanguage-yourlanguage.com\/en\/impressum\/","title":{"rendered":"Impressum"},"content":{"rendered":"<p>Christliche Sozialhilfe K\u00f6ln e.V.<br>Knauffstra\u00dfe 1<br>51063 K\u00f6ln<\/p>\n\n\n\n<p>Telefon: 0221\/64709-52<\/p>\n\n\n\n<p><strong>Vertretungsberichtigte und besondere Vertretungsbefugnis:<\/strong><br>Vorstand: Martina Sch\u00f6nhals<br>Vorstand: Johannes Altsch\u00e4fl<br>Besonderer Vertreter: Gerhard Still<\/p>\n\n\n\n<p><strong>Registergericht:<\/strong><br>Amtsgericht K\u00f6ln<\/p>\n\n\n\n<p><strong>Registernummer:<\/strong><br>VR 5672<\/p>\n\n\n\n<p><strong>Haftungshinweis:<\/strong><br>Trotz sorgf\u00e4ltiger inhaltlicher Kontrolle \u00fcbernehmen wir keine Haftung oder Garantie f\u00fcr die Aktualit\u00e4t, Richtigkeit und Vollst\u00e4ndigkeit der auf dieser Webseite bereitgestellten Informationen oder f\u00fcr die Inhalte externer Links. F\u00fcr den Inhalt verlinkter Seiten sind ausschlie\u00dflich deren Betreiber verantwortlich.<\/p>\n\n\n\n<p><strong>Gestaltung, Konzept und Realisation:<\/strong><br>(inkl. Fotografie sofern nicht anders angegeben)<br>Dr. Nina Berding<\/p>\n\n\n\n<p><strong>Logodesign:<\/strong><br>Eva Rusch Atelier<br><\/p>\n\n\n\n<p><strong>Haftung f\u00fcr Links<\/strong><\/p>\n\n\n\n<p>Unser Angebot enth\u00e4lt Links zu Webseiten Dritter, auf deren Inhalte wir keinen Einfluss haben. Deshalb k\u00f6nnen wir f\u00fcr diese fremden Inhalte keinerlei Gew\u00e4hr \u00fcbernehmen. F\u00fcr die Inhalte der verlinkten Seiten ist stets der jeweilige Anbieter oder Betreiber der Seiten verantwortlich. Die verlinkten Seiten wurden zum Zeitpunkt der Verlinkung auf m\u00f6gliche Rechtsverst\u00f6\u00dfe \u00fcberpr\u00fcft. Rechtswidrige Inhalte waren zum Zeitpunkt der Verlinkung nicht erkennbar. Eine permanente inhaltliche Kontrolle der verlinkten Seiten ist jedoch ohne konkrete Anhaltspunkte einer Rechtsverletzung nicht zumutbar. Bei bekannt werden von Rechtsverletzungen werden wir derartige Links umgehend entfernen.<\/p>\n\n\n\n<p>Der Schutz Ihrer personenbezogenen Daten bei der Erhebung, Verarbeitung und Nutzung anl\u00e4sslich Ihres Besuchs auf unserer Homepage ist uns ein wichtiges Anliegen. Ihre Daten werden im Rahmen der gesetzlichen Vorschriften gesch\u00fctzt. Nachfolgend finden Sie Informationen, welche Daten w\u00e4hrend Ihres Besuchs auf der Homepage erfasst und wie diese genutzt werden:<\/p>\n\n\n\n<p><strong>Erhebung und Verarbeitung von Daten<\/strong><\/p>\n\n\n\n<p>Diese Website benutzt Google Analytics, einen Webanalysedienst der Google Inc. (\u201eGoogle&#8220;). Google Analytics verwendet sog. \u00bbCookies\u00ab, Textdateien, die auf Ihrem Computer gespeichert werden und die eine Analyse der Benutzung der Website durch Sie erm\u00f6glicht. Die durch den Cookie erzeugten Informationen \u00fcber Ihre Benutzung diese Website (einschlie\u00dflich Ihrer IP-Adresse) wird an einen Server der Google in den USA \u00fcbertragen und dort gespeichert. Google wird diese Informationen benutzen, um Ihre Nutzung der Website auszuwerten, um Reports \u00fcber die Websiteaktivit\u00e4ten f\u00fcr die Websitebetreiber zusammenzustellen und um weitere mit der Websitenutzung und der Internetnutzung verbundene Dienstleistungen zu erbringen. Auch wird Google diese Informationen gegebenenfalls an Dritte \u00fcbertragen, sofern dies gesetzlich vorgeschrieben ist oder soweit Dritte diese Daten im Auftrag von Google verarbeiten. Google wird in keinem Fall Ihre IP-Adresse mit anderen Daten der Google in Verbindung bringen.<\/p>\n\n\n\n<p>Sie k\u00f6nnen die Installation der Cookies durch eine entsprechende Einstellung Ihrer Browser Software verhindern; wir weisen Sie jedoch darauf hin, dass Sie in diesem Fall gegebenenfalls nicht s\u00e4mtliche Funktionen dieser Website in vollem Umfang nutzen k\u00f6nnen. Durch die Nutzung dieser Website erkl\u00e4ren Sie sich mit der Bearbeitung der \u00fcber Sie erhobenen Daten durch Google in der zuvor beschriebenen Art und Weise und zu dem zuvor benannten Zweck einverstanden.Jeder Zugriff auf unsere Homepage und jeder Abruf einer auf der Homepage hinterlegten Datei werden protokolliert. Die Speicherung dient internen systembezogenen und statistischen Zwecken. Protokolliert werden: Name der abgerufenen Datei, Datum und Uhrzeit des Abrufs, \u00fcbertragene Datenmenge, Meldung \u00fcber erfolgreichen Abruf, Webbrowser und anfragende Domain.<\/p>\n\n\n\n<p>Zus\u00e4tzlich werden die IP Adressen der anfragenden Rechner protokolliert. Weitergehende personenbezogene Daten werden nur erfasst, wenn Sie diese Angaben freiwillig, etwa im Rahmen einer Anfrage oder Registrierung, machen.<\/p>\n\n\n\n<p><strong>Nutzung und Weitergabe personenbezogener Daten<\/strong><\/p>\n\n\n\n<p>Soweit Sie uns personenbezogene Daten zur Verf\u00fcgung gestellt haben, verwenden wir diese nur zur Beantwortung Ihrer Anfragen, zur Abwicklung mit Ihnen geschlossener Vertr\u00e4ge und f\u00fcr die technische Administration. Ihre personenbezogenen Daten werden nicht an Dritte weitergegeben oder sonst \u00fcbermittelt, sofern Sie nicht zuvor eingewilligt haben. Sie haben das Recht, eine erteilte Einwilligung mit Wirkung f\u00fcr die Zukunft jederzeit zu widerrufen.<\/p>\n\n\n\n<p>Die L\u00f6schung der gespeicherten personenbezogenen Daten erfolgt, wenn Sie Ihre Einwilligung zur Speicherung widerrufen, wenn ihre Kenntnis zur Erf\u00fcllung des mit der Speicherung verfolgten Zwecks nicht mehr erforderlich ist oder wenn ihre Speicherung aus sonstigen gesetzlichen Gr\u00fcnden unzul\u00e4ssig ist.<\/p>\n\n\n\n<p><strong>Auskunftsrecht<\/strong><\/p>\n\n\n\n<p>Auf schriftliche Anfrage werden wir Sie gerne \u00fcber die zu Ihrer Person gespeicherten Daten informieren.<\/p>\n\n\n\n<p>Sicherheitshinweis: Wir sind bem\u00fcht, Ihre personenbezogenen Daten durch Ergreifung aller technischen und organisatorischen M\u00f6glichkeiten so zu speichern, dass sie f\u00fcr Dritte nicht zug\u00e4nglich sind. Bei der Kommunikation per E-Mail kann die vollst\u00e4ndige Datensicherheit von uns nicht gew\u00e4hrleistet werden, so dass wir Ihnen bei vertraulichen Informationen den Postweg empfehlen.<\/p>\n\n\n\n<p><\/p>","protected":false},"excerpt":{"rendered":"<p>Christliche Sozialhilfe K\u00f6ln e.V.Knauffstra\u00dfe 151063 K\u00f6ln Telefon: 0221\/64709-52 Vertretungsberichtigte und besondere Vertretungsbefugnis:Vorstand: Martina Sch\u00f6nhalsVorstand: Johannes Altsch\u00e4flBesonderer Vertreter: Gerhard Still Registergericht:Amtsgericht K\u00f6ln Registernummer:VR 5672 Haftungshinweis:Trotz sorgf\u00e4ltiger inhaltlicher Kontrolle \u00fcbernehmen wir keine Haftung oder Garantie f\u00fcr die Aktualit\u00e4t, Richtigkeit und Vollst\u00e4ndigkeit der auf dieser Webseite bereitgestellten Informationen oder f\u00fcr die Inhalte externer Links. F\u00fcr den Inhalt verlinkter&hellip;&nbsp;<a href=\"http:\/\/mylanguage-yourlanguage.com\/en\/impressum\/\" rel=\"bookmark\">Read More &raquo;<span class=\"screen-reader-text\">Impressum<\/span><\/a><\/p>","protected":false},"author":1,"featured_media":0,"parent":0,"menu_order":0,"comment_status":"closed","ping_status":"closed","template":"","meta":{"neve_meta_sidebar":"full-width","neve_meta_container":"","neve_meta_enable_content_width":"on","neve_meta_content_width":100,"neve_meta_title_alignment":"","neve_meta_author_avatar":"","neve_post_elements_order":"","neve_meta_disable_header":"","neve_meta_disable_footer":"","neve_meta_disable_title":""},"_links":{"self":[{"href":"http:\/\/mylanguage-yourlanguage.com\/en\/wp-json\/wp\/v2\/pages\/393"}],"collection":[{"href":"http:\/\/mylanguage-yourlanguage.com\/en\/wp-json\/wp\/v2\/pages"}],"about":[{"href":"http:\/\/mylanguage-yourlanguage.com\/en\/wp-json\/wp\/v2\/types\/page"}],"author":[{"embeddable":true,"href":"http:\/\/mylanguage-yourlanguage.com\/en\/wp-json\/wp\/v2\/users\/1"}],"replies":[{"embeddable":true,"href":"http:\/\/mylanguage-yourlanguage.com\/en\/wp-json\/wp\/v2\/comments?post=393"}],"version-history":[{"count":7,"href":"http:\/\/mylanguage-yourlanguage.com\/en\/wp-json\/wp\/v2\/pages\/393\/revisions"}],"predecessor-version":[{"id":572,"href":"http:\/\/mylanguage-yourlanguage.com\/en\/wp-json\/wp\/v2\/pages\/393\/revisions\/572"}],"wp:attachment":[{"href":"http:\/\/mylanguage-yourlanguage.com\/en\/wp-json\/wp\/v2\/media?parent=393"}],"curies":[{"name":"wp","href":"https:\/\/api.w.org\/{rel}","templated":true}]}}